{"id":20,"date":"2022-01-27T10:08:07","date_gmt":"2022-01-27T09:08:07","guid":{"rendered":"http:\/\/bowlingdumans.fr\/?page_id=20"},"modified":"2025-03-17T14:55:12","modified_gmt":"2025-03-17T13:55:12","slug":"bar-restautation","status":"publish","type":"page","link":"https:\/\/bowlingdumans.fr\/accueil\/bar-restautation\/","title":{"rendered":"BAR-RESTAURATIONS"},"content":{"rendered":"\t\t<div data-elementor-type=\"wp-page\" data-elementor-id=\"20\" class=\"elementor elementor-20\">\n\t\t\t\t\t\t<section class=\"elementor-section elementor-top-section elementor-element elementor-element-97a573f elementor-section-full_width elementor-section-height-default elementor-section-height-default\" data-id=\"97a573f\" data-element_type=\"section\" data-e-type=\"section\">\n\t\t\t\t\t\t<div class=\"elementor-container elementor-column-gap-no\">\n\t\t\t\t\t<div class=\"elementor-column elementor-col-50 elementor-top-column elementor-element elementor-element-4bde8af\" data-id=\"4bde8af\" data-element_type=\"column\" data-e-type=\"column\">\n\t\t\t<div class=\"elementor-widget-wrap elementor-element-populated\">\n\t\t\t\t\t\t<div class=\"elementor-element elementor-element-e34d586 elementor-widget elementor-widget-heading\" data-id=\"e34d586\" data-element_type=\"widget\" data-e-type=\"widget\" data-widget_type=\"heading.default\">\n\t\t\t\t<div class=\"elementor-widget-container\">\n\t\t\t\t\t<h2 class=\"elementor-heading-title elementor-size-default\">Reprenez des forces apr\u00e8s une bonne partie de bowling<\/h2>\t\t\t\t<\/div>\n\t\t\t\t<\/div>\n\t\t\t\t<div class=\"elementor-element elementor-element-8a6d912 elementor-widget__width-initial elementor-widget elementor-widget-text-editor\" data-id=\"8a6d912\" data-element_type=\"widget\" data-e-type=\"widget\" data-widget_type=\"text-editor.default\">\n\t\t\t\t<div class=\"elementor-widget-container\">\n\t\t\t\t\t\t\t\t\t<p>Venez pour une partie de bowling entre amis, des coll\u00e8gues de travail ou en famille. Notre bowling vous propose de d\u00e9guster notre snacks, nos boissons et nos formules repas.<\/p>\t\t\t\t\t\t\t\t<\/div>\n\t\t\t\t<\/div>\n\t\t\t\t\t<\/div>\n\t\t<\/div>\n\t\t\t\t<div class=\"elementor-column elementor-col-50 elementor-top-column elementor-element elementor-element-1bdd665\" data-id=\"1bdd665\" data-element_type=\"column\" data-e-type=\"column\">\n\t\t\t<div class=\"elementor-widget-wrap elementor-element-populated\">\n\t\t\t\t\t\t<div class=\"elementor-element elementor-element-f0e6eca elementor-widget elementor-widget-image\" data-id=\"f0e6eca\" data-element_type=\"widget\" data-e-type=\"widget\" data-widget_type=\"image.default\">\n\t\t\t\t<div class=\"elementor-widget-container\">\n\t\t\t\t\t\t\t\t\t\t\t\t\t\t\t<img fetchpriority=\"high\" decoding=\"async\" width=\"1024\" height=\"540\" src=\"https:\/\/bowlingdumans.fr\/wp-content\/uploads\/2022\/06\/Illustration-Bar-Resto-1024x540.png\" class=\"attachment-large size-large wp-image-1636\" alt=\"\" srcset=\"https:\/\/bowlingdumans.fr\/wp-content\/uploads\/2022\/06\/Illustration-Bar-Resto-1024x540.png 1024w, https:\/\/bowlingdumans.fr\/wp-content\/uploads\/2022\/06\/Illustration-Bar-Resto-300x158.png 300w, https:\/\/bowlingdumans.fr\/wp-content\/uploads\/2022\/06\/Illustration-Bar-Resto-768x405.png 768w, https:\/\/bowlingdumans.fr\/wp-content\/uploads\/2022\/06\/Illustration-Bar-Resto-1536x809.png 1536w, https:\/\/bowlingdumans.fr\/wp-content\/uploads\/2022\/06\/Illustration-Bar-Resto-2048x1079.png 2048w\" sizes=\"(max-width: 1024px) 100vw, 1024px\" \/>\t\t\t\t\t\t\t\t\t\t\t\t\t\t\t<\/div>\n\t\t\t\t<\/div>\n\t\t\t\t\t<\/div>\n\t\t<\/div>\n\t\t\t\t\t<\/div>\n\t\t<\/section>\n\t\t\t\t<section class=\"elementor-section elementor-top-section elementor-element elementor-element-9f70645 elementor-section-full_width elementor-section-height-default elementor-section-height-default\" data-id=\"9f70645\" data-element_type=\"section\" data-e-type=\"section\" data-settings=\"{&quot;background_background&quot;:&quot;classic&quot;}\">\n\t\t\t\t\t\t<div class=\"elementor-container elementor-column-gap-no\">\n\t\t\t\t\t<div class=\"elementor-column elementor-col-33 elementor-top-column elementor-element elementor-element-75b2d5f\" data-id=\"75b2d5f\" data-element_type=\"column\" data-e-type=\"column\">\n\t\t\t<div class=\"elementor-widget-wrap elementor-element-populated\">\n\t\t\t\t\t\t<div class=\"elementor-element elementor-element-b8fdea1 elementor-widget elementor-widget-image\" data-id=\"b8fdea1\" data-element_type=\"widget\" data-e-type=\"widget\" data-widget_type=\"image.default\">\n\t\t\t\t<div class=\"elementor-widget-container\">\n\t\t\t\t\t\t\t\t\t\t\t\t\t\t\t<img decoding=\"async\" width=\"683\" height=\"1024\" src=\"https:\/\/bowlingdumans.fr\/wp-content\/uploads\/2022\/05\/Boisson-3-683x1024.jpg\" class=\"attachment-large size-large wp-image-1328\" alt=\"\" srcset=\"https:\/\/bowlingdumans.fr\/wp-content\/uploads\/2022\/05\/Boisson-3-683x1024.jpg 683w, https:\/\/bowlingdumans.fr\/wp-content\/uploads\/2022\/05\/Boisson-3-200x300.jpg 200w, https:\/\/bowlingdumans.fr\/wp-content\/uploads\/2022\/05\/Boisson-3-768x1152.jpg 768w, https:\/\/bowlingdumans.fr\/wp-content\/uploads\/2022\/05\/Boisson-3-1024x1536.jpg 1024w, https:\/\/bowlingdumans.fr\/wp-content\/uploads\/2022\/05\/Boisson-3-1365x2048.jpg 1365w, https:\/\/bowlingdumans.fr\/wp-content\/uploads\/2022\/05\/Boisson-3-scaled.jpg 1707w\" sizes=\"(max-width: 683px) 100vw, 683px\" \/>\t\t\t\t\t\t\t\t\t\t\t\t\t\t\t<\/div>\n\t\t\t\t<\/div>\n\t\t\t\t\t<\/div>\n\t\t<\/div>\n\t\t\t\t<div class=\"elementor-column elementor-col-33 elementor-top-column elementor-element elementor-element-0fb4b9c\" data-id=\"0fb4b9c\" data-element_type=\"column\" data-e-type=\"column\">\n\t\t\t<div class=\"elementor-widget-wrap elementor-element-populated\">\n\t\t\t\t\t\t<div class=\"elementor-element elementor-element-61efd0c elementor-widget elementor-widget-image\" data-id=\"61efd0c\" data-element_type=\"widget\" data-e-type=\"widget\" data-widget_type=\"image.default\">\n\t\t\t\t<div class=\"elementor-widget-container\">\n\t\t\t\t\t\t\t\t\t\t\t\t\t\t\t<img decoding=\"async\" width=\"683\" height=\"1024\" src=\"https:\/\/bowlingdumans.fr\/wp-content\/uploads\/2022\/05\/Boisson-1-683x1024.jpg\" class=\"attachment-large size-large wp-image-1326\" alt=\"\" srcset=\"https:\/\/bowlingdumans.fr\/wp-content\/uploads\/2022\/05\/Boisson-1-683x1024.jpg 683w, https:\/\/bowlingdumans.fr\/wp-content\/uploads\/2022\/05\/Boisson-1-200x300.jpg 200w, https:\/\/bowlingdumans.fr\/wp-content\/uploads\/2022\/05\/Boisson-1-768x1152.jpg 768w, https:\/\/bowlingdumans.fr\/wp-content\/uploads\/2022\/05\/Boisson-1-1024x1536.jpg 1024w, https:\/\/bowlingdumans.fr\/wp-content\/uploads\/2022\/05\/Boisson-1-1365x2048.jpg 1365w, https:\/\/bowlingdumans.fr\/wp-content\/uploads\/2022\/05\/Boisson-1-scaled.jpg 1707w\" sizes=\"(max-width: 683px) 100vw, 683px\" \/>\t\t\t\t\t\t\t\t\t\t\t\t\t\t\t<\/div>\n\t\t\t\t<\/div>\n\t\t\t\t\t<\/div>\n\t\t<\/div>\n\t\t\t\t<div class=\"elementor-column elementor-col-33 elementor-top-column elementor-element elementor-element-cd9ddf6\" data-id=\"cd9ddf6\" data-element_type=\"column\" data-e-type=\"column\">\n\t\t\t<div class=\"elementor-widget-wrap elementor-element-populated\">\n\t\t\t\t\t\t<div class=\"elementor-element elementor-element-711feb8 elementor-widget elementor-widget-image\" data-id=\"711feb8\" data-element_type=\"widget\" data-e-type=\"widget\" data-widget_type=\"image.default\">\n\t\t\t\t<div class=\"elementor-widget-container\">\n\t\t\t\t\t\t\t\t\t\t\t\t\t\t\t<img loading=\"lazy\" decoding=\"async\" width=\"683\" height=\"1024\" src=\"https:\/\/bowlingdumans.fr\/wp-content\/uploads\/2022\/05\/Boisson-2-683x1024.jpg\" class=\"attachment-large size-large wp-image-1327\" alt=\"\" srcset=\"https:\/\/bowlingdumans.fr\/wp-content\/uploads\/2022\/05\/Boisson-2-683x1024.jpg 683w, https:\/\/bowlingdumans.fr\/wp-content\/uploads\/2022\/05\/Boisson-2-200x300.jpg 200w, https:\/\/bowlingdumans.fr\/wp-content\/uploads\/2022\/05\/Boisson-2-768x1152.jpg 768w, https:\/\/bowlingdumans.fr\/wp-content\/uploads\/2022\/05\/Boisson-2-1024x1536.jpg 1024w, https:\/\/bowlingdumans.fr\/wp-content\/uploads\/2022\/05\/Boisson-2-1365x2048.jpg 1365w, https:\/\/bowlingdumans.fr\/wp-content\/uploads\/2022\/05\/Boisson-2-scaled.jpg 1707w\" sizes=\"(max-width: 683px) 100vw, 683px\" \/>\t\t\t\t\t\t\t\t\t\t\t\t\t\t\t<\/div>\n\t\t\t\t<\/div>\n\t\t\t\t\t<\/div>\n\t\t<\/div>\n\t\t\t\t\t<\/div>\n\t\t<\/section>\n\t\t\t\t<section class=\"elementor-section elementor-top-section elementor-element elementor-element-0edcf4e elementor-section-full_width elementor-section-height-default elementor-section-height-default\" data-id=\"0edcf4e\" data-element_type=\"section\" data-e-type=\"section\" data-settings=\"{&quot;background_background&quot;:&quot;classic&quot;}\">\n\t\t\t\t\t\t<div class=\"elementor-container elementor-column-gap-no\">\n\t\t\t\t\t<div class=\"elementor-column elementor-col-100 elementor-top-column elementor-element elementor-element-7541598\" data-id=\"7541598\" data-element_type=\"column\" data-e-type=\"column\">\n\t\t\t<div class=\"elementor-widget-wrap elementor-element-populated\">\n\t\t\t\t\t\t<div class=\"elementor-element elementor-element-626a9db elementor-widget elementor-widget-text-editor\" data-id=\"626a9db\" data-element_type=\"widget\" data-e-type=\"widget\" data-widget_type=\"text-editor.default\">\n\t\t\t\t<div class=\"elementor-widget-container\">\n\t\t\t\t\t\t\t\t\t<p>*L\u2019abus d\u2019alcool est dangereux pour la sant\u00e9, \u00e0 consommer avec mod\u00e9ration<\/p>\t\t\t\t\t\t\t\t<\/div>\n\t\t\t\t<\/div>\n\t\t\t\t\t<\/div>\n\t\t<\/div>\n\t\t\t\t\t<\/div>\n\t\t<\/section>\n\t\t\t\t<section class=\"elementor-section elementor-top-section elementor-element elementor-element-e271552 elementor-section-boxed elementor-section-height-default elementor-section-height-default\" data-id=\"e271552\" data-element_type=\"section\" data-e-type=\"section\">\n\t\t\t\t\t\t<div class=\"elementor-container elementor-column-gap-default\">\n\t\t\t\t\t<div class=\"elementor-column elementor-col-100 elementor-top-column elementor-element elementor-element-b558f80\" data-id=\"b558f80\" data-element_type=\"column\" data-e-type=\"column\">\n\t\t\t<div class=\"elementor-widget-wrap elementor-element-populated\">\n\t\t\t\t\t\t<div class=\"elementor-element elementor-element-9c16bee elementor-align-center elementor-widget elementor-widget-button\" data-id=\"9c16bee\" data-element_type=\"widget\" data-e-type=\"widget\" data-widget_type=\"button.default\">\n\t\t\t\t<div class=\"elementor-widget-container\">\n\t\t\t\t\t\t\t\t\t<div class=\"elementor-button-wrapper\">\n\t\t\t\t\t<a class=\"elementor-button elementor-button-link elementor-size-md\" href=\"https:\/\/bowlingdumans.fr\/wp-content\/uploads\/2024\/02\/BDM_MENU-TABLE-A5-2024.pdf\" target=\"_blank\">\n\t\t\t\t\t\t<span class=\"elementor-button-content-wrapper\">\n\t\t\t\t\t\t\t\t\t<span class=\"elementor-button-text\">VOIR LA CARTE<\/span>\n\t\t\t\t\t<\/span>\n\t\t\t\t\t<\/a>\n\t\t\t\t<\/div>\n\t\t\t\t\t\t\t\t<\/div>\n\t\t\t\t<\/div>\n\t\t\t\t\t<\/div>\n\t\t<\/div>\n\t\t\t\t\t<\/div>\n\t\t<\/section>\n\t\t\t\t<section class=\"elementor-section elementor-top-section elementor-element elementor-element-615a14f elementor-section-full_width elementor-section-height-default elementor-section-height-default\" data-id=\"615a14f\" data-element_type=\"section\" data-e-type=\"section\" data-settings=\"{&quot;background_background&quot;:&quot;classic&quot;}\">\n\t\t\t\t\t\t<div class=\"elementor-container elementor-column-gap-no\">\n\t\t\t\t\t<div class=\"elementor-column elementor-col-100 elementor-top-column elementor-element elementor-element-e094613\" data-id=\"e094613\" data-element_type=\"column\" data-e-type=\"column\">\n\t\t\t<div class=\"elementor-widget-wrap elementor-element-populated\">\n\t\t\t\t\t\t<div class=\"elementor-element elementor-element-fbde944 elementor-widget elementor-widget-heading\" data-id=\"fbde944\" data-element_type=\"widget\" data-e-type=\"widget\" data-widget_type=\"heading.default\">\n\t\t\t\t<div class=\"elementor-widget-container\">\n\t\t\t\t\t<h2 class=\"elementor-heading-title elementor-size-default\">Snacks Sal\u00e9es<\/h2>\t\t\t\t<\/div>\n\t\t\t\t<\/div>\n\t\t\t\t\t<\/div>\n\t\t<\/div>\n\t\t\t\t\t<\/div>\n\t\t<\/section>\n\t\t\t\t<section class=\"elementor-section elementor-top-section elementor-element elementor-element-3e6c43e elementor-section-full_width elementor-section-height-default elementor-section-height-default\" data-id=\"3e6c43e\" data-element_type=\"section\" data-e-type=\"section\" data-settings=\"{&quot;background_background&quot;:&quot;classic&quot;}\">\n\t\t\t\t\t\t<div class=\"elementor-container elementor-column-gap-no\">\n\t\t\t\t\t<div class=\"elementor-column elementor-col-100 elementor-top-column elementor-element elementor-element-898b713\" data-id=\"898b713\" data-element_type=\"column\" data-e-type=\"column\">\n\t\t\t<div class=\"elementor-widget-wrap elementor-element-populated\">\n\t\t\t\t\t\t<div class=\"elementor-element elementor-element-38dafad elementor-arrows-position-inside elementor-widget elementor-widget-image-carousel\" data-id=\"38dafad\" data-element_type=\"widget\" data-e-type=\"widget\" data-settings=\"{&quot;slides_to_show&quot;:&quot;2&quot;,&quot;slides_to_scroll&quot;:&quot;3&quot;,&quot;navigation&quot;:&quot;arrows&quot;,&quot;slides_to_scroll_mobile&quot;:&quot;1&quot;,&quot;autoplay&quot;:&quot;yes&quot;,&quot;pause_on_hover&quot;:&quot;yes&quot;,&quot;pause_on_interaction&quot;:&quot;yes&quot;,&quot;autoplay_speed&quot;:5000,&quot;infinite&quot;:&quot;yes&quot;,&quot;speed&quot;:500}\" data-widget_type=\"image-carousel.default\">\n\t\t\t\t<div class=\"elementor-widget-container\">\n\t\t\t\t\t\t\t<div class=\"elementor-image-carousel-wrapper swiper\" role=\"region\" aria-roledescription=\"carousel\" aria-label=\"Image Carousel\" dir=\"ltr\">\n\t\t\t<div class=\"elementor-image-carousel swiper-wrapper\" aria-live=\"off\">\n\t\t\t\t\t\t\t\t<div class=\"swiper-slide\" role=\"group\" aria-roledescription=\"slide\" aria-label=\"1 sur 6\"><figure class=\"swiper-slide-inner\"><img decoding=\"async\" class=\"swiper-slide-image\" src=\"https:\/\/bowlingdumans.fr\/wp-content\/uploads\/elementor\/thumbs\/PLANCHE-A-PARTAGER-q4bd748j3lsyq58coffq32k82ve56rk32l8xfn1ma0.jpg\" alt=\"PLANCHE \u00c0 PARTAGER\" \/><\/figure><\/div><div class=\"swiper-slide\" role=\"group\" aria-roledescription=\"slide\" aria-label=\"2 sur 6\"><figure class=\"swiper-slide-inner\"><img decoding=\"async\" class=\"swiper-slide-image\" src=\"https:\/\/bowlingdumans.fr\/wp-content\/uploads\/elementor\/thumbs\/NUGGETS-DE-POULET-q4bd7cp2t44jmmw2b13d7ifdfc8g41ho3r4ar4p2q0.jpg\" alt=\"ENFANT\" \/><\/figure><\/div><div class=\"swiper-slide\" role=\"group\" aria-roledescription=\"slide\" aria-label=\"3 sur 6\"><figure class=\"swiper-slide-inner\"><img decoding=\"async\" class=\"swiper-slide-image\" src=\"https:\/\/bowlingdumans.fr\/wp-content\/uploads\/elementor\/thumbs\/FISH-CHIPS-q4bd7atefg1yzeysm0a42iwg8khpona7fhtbskrv2g.jpg\" alt=\"FISH &amp; CHIPS\" \/><\/figure><\/div><div class=\"swiper-slide\" role=\"group\" aria-roledescription=\"slide\" aria-label=\"4 sur 6\"><figure class=\"swiper-slide-inner\"><img decoding=\"async\" class=\"swiper-slide-image\" src=\"https:\/\/bowlingdumans.fr\/wp-content\/uploads\/elementor\/thumbs\/CROQUE-MONSIEUR-q4bd78xq1rzec71iwzguxjdj1sqz992qr8icu0unew.jpg\" alt=\"CROQUE MONSIEUR\" \/><\/figure><\/div><div class=\"swiper-slide\" role=\"group\" aria-roledescription=\"slide\" aria-label=\"5 sur 6\"><figure class=\"swiper-slide-inner\"><img decoding=\"async\" class=\"swiper-slide-image\" src=\"https:\/\/bowlingdumans.fr\/wp-content\/uploads\/elementor\/thumbs\/BEIGNETS-DE-CALAMAR-q4bd7721o3wtoz497ynlsjulv108tuva2z7dvgxfrc.jpg\" alt=\"BEIGNETS DE CALAMAR\" \/><\/figure><\/div><div class=\"swiper-slide\" role=\"group\" aria-roledescription=\"slide\" aria-label=\"6 sur 6\"><figure class=\"swiper-slide-inner\"><img decoding=\"async\" class=\"swiper-slide-image\" src=\"https:\/\/bowlingdumans.fr\/wp-content\/uploads\/elementor\/thumbs\/AILES-DE-POULET-BBQ-q4bd7647h9vjdd5mdg8z82359n4vm5rjqujwe6ytxk.jpg\" alt=\"AILES DE POULET BBQ\" \/><\/figure><\/div>\t\t\t<\/div>\n\t\t\t\t\t\t\t\t\t\t\t\t<div class=\"elementor-swiper-button elementor-swiper-button-prev\" role=\"button\" tabindex=\"0\">\n\t\t\t\t\t\t<i aria-hidden=\"true\" class=\"eicon-chevron-left\"><\/i>\t\t\t\t\t<\/div>\n\t\t\t\t\t<div class=\"elementor-swiper-button elementor-swiper-button-next\" role=\"button\" tabindex=\"0\">\n\t\t\t\t\t\t<i aria-hidden=\"true\" class=\"eicon-chevron-right\"><\/i>\t\t\t\t\t<\/div>\n\t\t\t\t\n\t\t\t\t\t\t\t\t\t<\/div>\n\t\t\t\t\t\t<\/div>\n\t\t\t\t<\/div>\n\t\t\t\t\t<\/div>\n\t\t<\/div>\n\t\t\t\t\t<\/div>\n\t\t<\/section>\n\t\t\t\t<\/div>\n\t\t","protected":false},"excerpt":{"rendered":"<p>Reprenez des forces apr\u00e8s une bonne partie de bowling Venez pour une partie de bowling entre amis, des coll\u00e8gues de travail ou en famille. Notre bowling vous propose de d\u00e9guster notre snacks, nos boissons et nos formules repas. *L\u2019abus d\u2019alcool est dangereux pour la sant\u00e9, \u00e0 consommer avec mod\u00e9ration VOIR LA CARTE Snacks Sal\u00e9es<\/p>\n","protected":false},"author":1,"featured_media":0,"parent":0,"menu_order":0,"comment_status":"closed","ping_status":"closed","template":"","meta":{"site-sidebar-layout":"no-sidebar","site-content-layout":"page-builder","ast-site-content-layout":"default","site-content-style":"default","site-sidebar-style":"default","ast-global-header-display":"","ast-banner-title-visibility":"","ast-main-header-display":"","ast-hfb-above-header-display":"","ast-hfb-below-header-display":"","ast-hfb-mobile-header-display":"","site-post-title":"disabled","ast-breadcrumbs-content":"","ast-featured-img":"disabled","footer-sml-layout":"","ast-disable-related-posts":"","theme-transparent-header-meta":"","adv-header-id-meta":"","stick-header-meta":"","header-above-stick-meta":"","header-main-stick-meta":"","header-below-stick-meta":"","astra-migrate-meta-layouts":"default","ast-page-background-enabled":"default","ast-page-background-meta":{"desktop":{"background-color":"var(--ast-global-color-4)","background-image":"","background-repeat":"repeat","background-position":"center center","background-size":"auto","background-attachment":"scroll","background-type":"","background-media":"","overlay-type":"","overlay-color":"","overlay-opacity":"","overlay-gradient":""},"tablet":{"background-color":"","background-image":"","background-repeat":"repeat","background-position":"center center","background-size":"auto","background-attachment":"scroll","background-type":"","background-media":"","overlay-type":"","overlay-color":"","overlay-opacity":"","overlay-gradient":""},"mobile":{"background-color":"","background-image":"","background-repeat":"repeat","background-position":"center center","background-size":"auto","background-attachment":"scroll","background-type":"","background-media":"","overlay-type":"","overlay-color":"","overlay-opacity":"","overlay-gradient":""}},"ast-content-background-meta":{"desktop":{"background-color":"var(--ast-global-color-5)","background-image":"","background-repeat":"repeat","background-position":"center center","background-size":"auto","background-attachment":"scroll","background-type":"","background-media":"","overlay-type":"","overlay-color":"","overlay-opacity":"","overlay-gradient":""},"tablet":{"background-color":"var(--ast-global-color-5)","background-image":"","background-repeat":"repeat","background-position":"center center","background-size":"auto","background-attachment":"scroll","background-type":"","background-media":"","overlay-type":"","overlay-color":"","overlay-opacity":"","overlay-gradient":""},"mobile":{"background-color":"var(--ast-global-color-5)","background-image":"","background-repeat":"repeat","background-position":"center center","background-size":"auto","background-attachment":"scroll","background-type":"","background-media":"","overlay-type":"","overlay-color":"","overlay-opacity":"","overlay-gradient":""}},"footnotes":""},"class_list":["post-20","page","type-page","status-publish","hentry"],"_links":{"self":[{"href":"https:\/\/bowlingdumans.fr\/accueil\/wp-json\/wp\/v2\/pages\/20","targetHints":{"allow":["GET"]}}],"collection":[{"href":"https:\/\/bowlingdumans.fr\/accueil\/wp-json\/wp\/v2\/pages"}],"about":[{"href":"https:\/\/bowlingdumans.fr\/accueil\/wp-json\/wp\/v2\/types\/page"}],"author":[{"embeddable":true,"href":"https:\/\/bowlingdumans.fr\/accueil\/wp-json\/wp\/v2\/users\/1"}],"replies":[{"embeddable":true,"href":"https:\/\/bowlingdumans.fr\/accueil\/wp-json\/wp\/v2\/comments?post=20"}],"version-history":[{"count":259,"href":"https:\/\/bowlingdumans.fr\/accueil\/wp-json\/wp\/v2\/pages\/20\/revisions"}],"predecessor-version":[{"id":4517,"href":"https:\/\/bowlingdumans.fr\/accueil\/wp-json\/wp\/v2\/pages\/20\/revisions\/4517"}],"wp:attachment":[{"href":"https:\/\/bowlingdumans.fr\/accueil\/wp-json\/wp\/v2\/media?parent=20"}],"curies":[{"name":"wp","href":"https:\/\/api.w.org\/{rel}","templated":true}]}}